{"id":8,"date":"2025-11-14T18:11:45","date_gmt":"2025-11-14T17:11:45","guid":{"rendered":"https:\/\/malgorzatarzepecka.pl\/?page_id=8"},"modified":"2026-01-23T15:43:12","modified_gmt":"2026-01-23T14:43:12","slug":"strona-glowna","status":"publish","type":"page","link":"https:\/\/malgorzatarzepecka.pl\/","title":{"rendered":"Strona G\u0142\u00f3wna"},"content":{"rendered":"","protected":false},"excerpt":{"rendered":"","protected":false},"author":1,"featured_media":32,"parent":0,"menu_order":0,"comment_status":"closed","ping_status":"closed","template":"frontpage.php","meta":{"footnotes":""},"class_list":["post-8","page","type-page","status-publish","has-post-thumbnail","hentry"],"acf":[],"yoast_head":"<!-- This site is optimized with the Yoast SEO plugin v26.8 - https:\/\/yoast.com\/product\/yoast-seo-wordpress\/ -->\n<title>lek. Ma\u0142gorzata Rzepecka - Zabiegi medycyny estetycznej<\/title>\n<meta name=\"description\" content=\"Bezpieczna medycyna estetyczna. Ka\u017cda procedura poprzedzona jest szczeg\u00f3\u0142owym wywiadem zdrowotnym i analiz\u0105 stylu \u017cycia pacjenta.\" \/>\n<meta name=\"robots\" content=\"noindex, follow, max-snippet:-1, max-image-preview:large, max-video-preview:-1\" \/>\n<meta property=\"og:locale\" content=\"pl_PL\" \/>\n<meta property=\"og:type\" content=\"article\" \/>\n<meta property=\"og:title\" content=\"lek. Ma\u0142gorzata Rzepecka - Zabiegi medycyny estetycznej\" \/>\n<meta property=\"og:description\" content=\"Bezpieczna medycyna estetyczna. Szczeg\u00f3\u0142owy wywiad lekarski i indywidualna kwalifikacja pacjenta minimalizuj\u0105 ryzyko powik\u0142a\u0144 zabiegowych.\" \/>\n<meta property=\"og:url\" content=\"https:\/\/malgorzatarzepecka.pl\/\" \/>\n<meta property=\"og:site_name\" content=\"lek. Ma\u0142gorzata Rzepecka\" \/>\n<meta property=\"article:modified_time\" content=\"2026-01-23T14:43:12+00:00\" \/>\n<meta property=\"og:image\" content=\"https:\/\/malgorzatarzepecka.pl\/wp-content\/uploads\/2026\/01\/Malgorzata-Rzepecka.webp\" \/>\n\t<meta property=\"og:image:width\" content=\"1331\" \/>\n\t<meta property=\"og:image:height\" content=\"2000\" \/>\n\t<meta property=\"og:image:type\" content=\"image\/webp\" \/>\n<meta name=\"twitter:card\" content=\"summary_large_image\" \/>\n<meta name=\"twitter:title\" content=\"lek. Ma\u0142gorzata Rzepecka - Zabiegi medycyny estetycznej\" \/>\n<meta name=\"twitter:description\" content=\"Bezpieczna medycyna estetyczna. Szczeg\u00f3\u0142owy wywiad lekarski i indywidualna kwalifikacja pacjenta minimalizuj\u0105 ryzyko powik\u0142a\u0144 zabiegowych.\" \/>\n<meta name=\"twitter:label1\" content=\"Szacowany czas czytania\" \/>\n\t<meta name=\"twitter:data1\" content=\"1 minuta\" \/>\n<script type=\"application\/ld+json\" class=\"yoast-schema-graph\">{\"@context\":\"https:\/\/schema.org\",\"@graph\":[{\"@type\":\"WebPage\",\"@id\":\"https:\/\/malgorzatarzepecka.pl\/\",\"url\":\"https:\/\/malgorzatarzepecka.pl\/\",\"name\":\"lek. Ma\u0142gorzata Rzepecka - Zabiegi medycyny estetycznej\",\"isPartOf\":{\"@id\":\"https:\/\/malgorzatarzepecka.pl\/#website\"},\"primaryImageOfPage\":{\"@id\":\"https:\/\/malgorzatarzepecka.pl\/#primaryimage\"},\"image\":{\"@id\":\"https:\/\/malgorzatarzepecka.pl\/#primaryimage\"},\"thumbnailUrl\":\"https:\/\/malgorzatarzepecka.pl\/wp-content\/uploads\/2026\/01\/Malgorzata-Rzepecka.webp\",\"datePublished\":\"2025-11-14T17:11:45+00:00\",\"dateModified\":\"2026-01-23T14:43:12+00:00\",\"description\":\"Bezpieczna medycyna estetyczna. Ka\u017cda procedura poprzedzona jest szczeg\u00f3\u0142owym wywiadem zdrowotnym i analiz\u0105 stylu \u017cycia pacjenta.\",\"breadcrumb\":{\"@id\":\"https:\/\/malgorzatarzepecka.pl\/#breadcrumb\"},\"inLanguage\":\"pl-PL\",\"potentialAction\":[{\"@type\":\"ReadAction\",\"target\":[\"https:\/\/malgorzatarzepecka.pl\/\"]}]},{\"@type\":\"ImageObject\",\"inLanguage\":\"pl-PL\",\"@id\":\"https:\/\/malgorzatarzepecka.pl\/#primaryimage\",\"url\":\"https:\/\/malgorzatarzepecka.pl\/wp-content\/uploads\/2026\/01\/Malgorzata-Rzepecka.webp\",\"contentUrl\":\"https:\/\/malgorzatarzepecka.pl\/wp-content\/uploads\/2026\/01\/Malgorzata-Rzepecka.webp\",\"width\":1331,\"height\":2000},{\"@type\":\"BreadcrumbList\",\"@id\":\"https:\/\/malgorzatarzepecka.pl\/#breadcrumb\",\"itemListElement\":[{\"@type\":\"ListItem\",\"position\":1,\"name\":\"Strona g\u0142\u00f3wna\",\"item\":\"https:\/\/malgorzatarzepecka.pl\/\"},{\"@type\":\"ListItem\",\"position\":2,\"name\":\"Strona G\u0142\u00f3wna\"}]},{\"@type\":\"WebSite\",\"@id\":\"https:\/\/malgorzatarzepecka.pl\/#website\",\"url\":\"https:\/\/malgorzatarzepecka.pl\/\",\"name\":\"Ma\u0142gorzata Rzepecka\",\"description\":\"Zabiegi medycyny estetycznej\",\"publisher\":{\"@id\":\"https:\/\/malgorzatarzepecka.pl\/#organization\"},\"potentialAction\":[{\"@type\":\"SearchAction\",\"target\":{\"@type\":\"EntryPoint\",\"urlTemplate\":\"https:\/\/malgorzatarzepecka.pl\/?s={search_term_string}\"},\"query-input\":{\"@type\":\"PropertyValueSpecification\",\"valueRequired\":true,\"valueName\":\"search_term_string\"}}],\"inLanguage\":\"pl-PL\"},{\"@type\":\"Organization\",\"@id\":\"https:\/\/malgorzatarzepecka.pl\/#organization\",\"name\":\"Ma\u0142gorzata Rzepecka Sp. z o.o.\",\"url\":\"https:\/\/malgorzatarzepecka.pl\/\",\"logo\":{\"@type\":\"ImageObject\",\"inLanguage\":\"pl-PL\",\"@id\":\"https:\/\/malgorzatarzepecka.pl\/#\/schema\/logo\/image\/\",\"url\":\"https:\/\/malgorzatarzepecka.pl\/wp-content\/uploads\/2026\/01\/apple-touch-icon.png\",\"contentUrl\":\"https:\/\/malgorzatarzepecka.pl\/wp-content\/uploads\/2026\/01\/apple-touch-icon.png\",\"width\":180,\"height\":180,\"caption\":\"Ma\u0142gorzata Rzepecka Sp. z o.o.\"},\"image\":{\"@id\":\"https:\/\/malgorzatarzepecka.pl\/#\/schema\/logo\/image\/\"}}]}<\/script>\n<!-- \/ Yoast SEO plugin. -->","yoast_head_json":{"title":"lek. Ma\u0142gorzata Rzepecka - Zabiegi medycyny estetycznej","description":"Bezpieczna medycyna estetyczna. Ka\u017cda procedura poprzedzona jest szczeg\u00f3\u0142owym wywiadem zdrowotnym i analiz\u0105 stylu \u017cycia pacjenta.","robots":{"index":"noindex","follow":"follow","max-snippet":"max-snippet:-1","max-image-preview":"max-image-preview:large","max-video-preview":"max-video-preview:-1"},"og_locale":"pl_PL","og_type":"article","og_title":"lek. Ma\u0142gorzata Rzepecka - Zabiegi medycyny estetycznej","og_description":"Bezpieczna medycyna estetyczna. Szczeg\u00f3\u0142owy wywiad lekarski i indywidualna kwalifikacja pacjenta minimalizuj\u0105 ryzyko powik\u0142a\u0144 zabiegowych.","og_url":"https:\/\/malgorzatarzepecka.pl\/","og_site_name":"lek. Ma\u0142gorzata Rzepecka","article_modified_time":"2026-01-23T14:43:12+00:00","og_image":[{"width":1331,"height":2000,"url":"https:\/\/malgorzatarzepecka.pl\/wp-content\/uploads\/2026\/01\/Malgorzata-Rzepecka.webp","type":"image\/webp"}],"twitter_card":"summary_large_image","twitter_title":"lek. Ma\u0142gorzata Rzepecka - Zabiegi medycyny estetycznej","twitter_description":"Bezpieczna medycyna estetyczna. Szczeg\u00f3\u0142owy wywiad lekarski i indywidualna kwalifikacja pacjenta minimalizuj\u0105 ryzyko powik\u0142a\u0144 zabiegowych.","twitter_misc":{"Szacowany czas czytania":"1 minuta"},"schema":{"@context":"https:\/\/schema.org","@graph":[{"@type":"WebPage","@id":"https:\/\/malgorzatarzepecka.pl\/","url":"https:\/\/malgorzatarzepecka.pl\/","name":"lek. Ma\u0142gorzata Rzepecka - Zabiegi medycyny estetycznej","isPartOf":{"@id":"https:\/\/malgorzatarzepecka.pl\/#website"},"primaryImageOfPage":{"@id":"https:\/\/malgorzatarzepecka.pl\/#primaryimage"},"image":{"@id":"https:\/\/malgorzatarzepecka.pl\/#primaryimage"},"thumbnailUrl":"https:\/\/malgorzatarzepecka.pl\/wp-content\/uploads\/2026\/01\/Malgorzata-Rzepecka.webp","datePublished":"2025-11-14T17:11:45+00:00","dateModified":"2026-01-23T14:43:12+00:00","description":"Bezpieczna medycyna estetyczna. Ka\u017cda procedura poprzedzona jest szczeg\u00f3\u0142owym wywiadem zdrowotnym i analiz\u0105 stylu \u017cycia pacjenta.","breadcrumb":{"@id":"https:\/\/malgorzatarzepecka.pl\/#breadcrumb"},"inLanguage":"pl-PL","potentialAction":[{"@type":"ReadAction","target":["https:\/\/malgorzatarzepecka.pl\/"]}]},{"@type":"ImageObject","inLanguage":"pl-PL","@id":"https:\/\/malgorzatarzepecka.pl\/#primaryimage","url":"https:\/\/malgorzatarzepecka.pl\/wp-content\/uploads\/2026\/01\/Malgorzata-Rzepecka.webp","contentUrl":"https:\/\/malgorzatarzepecka.pl\/wp-content\/uploads\/2026\/01\/Malgorzata-Rzepecka.webp","width":1331,"height":2000},{"@type":"BreadcrumbList","@id":"https:\/\/malgorzatarzepecka.pl\/#breadcrumb","itemListElement":[{"@type":"ListItem","position":1,"name":"Strona g\u0142\u00f3wna","item":"https:\/\/malgorzatarzepecka.pl\/"},{"@type":"ListItem","position":2,"name":"Strona G\u0142\u00f3wna"}]},{"@type":"WebSite","@id":"https:\/\/malgorzatarzepecka.pl\/#website","url":"https:\/\/malgorzatarzepecka.pl\/","name":"Ma\u0142gorzata Rzepecka","description":"Zabiegi medycyny estetycznej","publisher":{"@id":"https:\/\/malgorzatarzepecka.pl\/#organization"},"potentialAction":[{"@type":"SearchAction","target":{"@type":"EntryPoint","urlTemplate":"https:\/\/malgorzatarzepecka.pl\/?s={search_term_string}"},"query-input":{"@type":"PropertyValueSpecification","valueRequired":true,"valueName":"search_term_string"}}],"inLanguage":"pl-PL"},{"@type":"Organization","@id":"https:\/\/malgorzatarzepecka.pl\/#organization","name":"Ma\u0142gorzata Rzepecka Sp. z o.o.","url":"https:\/\/malgorzatarzepecka.pl\/","logo":{"@type":"ImageObject","inLanguage":"pl-PL","@id":"https:\/\/malgorzatarzepecka.pl\/#\/schema\/logo\/image\/","url":"https:\/\/malgorzatarzepecka.pl\/wp-content\/uploads\/2026\/01\/apple-touch-icon.png","contentUrl":"https:\/\/malgorzatarzepecka.pl\/wp-content\/uploads\/2026\/01\/apple-touch-icon.png","width":180,"height":180,"caption":"Ma\u0142gorzata Rzepecka Sp. z o.o."},"image":{"@id":"https:\/\/malgorzatarzepecka.pl\/#\/schema\/logo\/image\/"}}]}},"_links":{"self":[{"href":"https:\/\/malgorzatarzepecka.pl\/index.php?rest_route=\/wp\/v2\/pages\/8","targetHints":{"allow":["GET"]}}],"collection":[{"href":"https:\/\/malgorzatarzepecka.pl\/index.php?rest_route=\/wp\/v2\/pages"}],"about":[{"href":"https:\/\/malgorzatarzepecka.pl\/index.php?rest_route=\/wp\/v2\/types\/page"}],"author":[{"embeddable":true,"href":"https:\/\/malgorzatarzepecka.pl\/index.php?rest_route=\/wp\/v2\/users\/1"}],"replies":[{"embeddable":true,"href":"https:\/\/malgorzatarzepecka.pl\/index.php?rest_route=%2Fwp%2Fv2%2Fcomments&post=8"}],"version-history":[{"count":7,"href":"https:\/\/malgorzatarzepecka.pl\/index.php?rest_route=\/wp\/v2\/pages\/8\/revisions"}],"predecessor-version":[{"id":43,"href":"https:\/\/malgorzatarzepecka.pl\/index.php?rest_route=\/wp\/v2\/pages\/8\/revisions\/43"}],"wp:featuredmedia":[{"embeddable":true,"href":"https:\/\/malgorzatarzepecka.pl\/index.php?rest_route=\/wp\/v2\/media\/32"}],"wp:attachment":[{"href":"https:\/\/malgorzatarzepecka.pl\/index.php?rest_route=%2Fwp%2Fv2%2Fmedia&parent=8"}],"curies":[{"name":"wp","href":"https:\/\/api.w.org\/{rel}","templated":true}]}}